{"id":51,"date":"2018-02-05T11:48:01","date_gmt":"2018-02-05T11:48:01","guid":{"rendered":"http:\/\/kelly.kendytheme.net\/?page_id=51"},"modified":"2025-09-08T13:05:15","modified_gmt":"2025-09-08T13:05:15","slug":"about-2","status":"publish","type":"page","link":"https:\/\/ng-lightpoints.de\/?page_id=51","title":{"rendered":"About"},"content":{"rendered":"<p><img loading=\"lazy\" decoding=\"async\" class=\"alignnone size-full wp-image-260\" src=\"https:\/\/ng-lightpoints.de\/wp-content\/uploads\/2018\/09\/IMG_0068.jpg\" alt=\"\" width=\"170\" height=\"235\"><\/p>\n<p>Selfies!<br \/>\nZun\u00e4chst die offizielle Definition laut Wikipedia:<\/p>\n<p>\u201eEin Selfie ist eine Art Selbstportr\u00e4t, oft auf Armesl\u00e4nge aus der eigenen Hand aufgenommen. Selfies sind oft in sozialen Netzwerken wie Facebook, Snapchat oder Instagram zu finden und bilden eine oder mehrere Personen (Gruppenselfies) ab.\u201c<\/p>\n<p>Nur damit alle wissen, wovon ich rede. Der Autor dieses Open Brain-Lexikons scheint mir auch nicht mehr ganz dicht zu sein, angesichts seiner seitenweisen wissenschaftlichen Ausf\u00fchrungen zum Thema \u201eSelfies\u201c. Ich bin mir sicher, er lebt in Scheidung!<\/p>\n<p>Aber Dank seiner Bem\u00fchungen wei\u00df ich jetzt, was ein Makake ist (siehe das Beitragsbild eines sich selbst portr\u00e4-Tier-enden Primaten). Meiner Meinung nach h\u00e4tte dieses Bild gen\u00fcgt, um jenes Massenph\u00e4nomen unserer Gesellschaft hinreichend und in aller Tiefe zu erkl\u00e4ren.<\/p>\n<p>Bilder sagen halt mehr als tausend Worte!<\/p>\n<p>Daher liebe ich so sehr die Fotografie, bin immer auf der Suche nach jenen Motiven, die mir Antwort auf meine zentralste Frage geben. Man muss sich nur mit seiner Kamera in eine belebte Innenstadt begeben und planlos auf den Ausl\u00f6ser dr\u00fccken. Danach sichtet man die Bilder und alle Fragen haben sich er\u00fcbrigt. Ich kann jedem meiner Leser von Herzen empfehlen, genau dies einmal zu tun.<\/p>\n<p>Ein au\u00dfergew\u00f6hnlich guter Fotograf bin ich sicher nicht. Die Erkenntnis kam mir sp\u00e4testens nach dem k\u00fcrzlich erlebten Debakel, als ich es \u00fcberm\u00fctig wagte, eines meiner Bilder in einem Profiforum ungarischer Spitzenfotografen zu posten. Blendengr\u00f6\u00dfe und Belichtungszeit waren ihrer nicht w\u00fcrdig, damit l\u00f6ste ich einen Sturm der Entr\u00fcstung aus und wurde derart verbal verpr\u00fcgelt, dass sich der Gruppenadministrator gen\u00f6tigt sah, mein Werk zu entfernen, um mich vor weiteren Beschimpfungen zu sch\u00fctzen.<\/p>\n<p>Doch ich habe verstanden, die technisch exzellenten Detailaufnahmen der verrottenden Autoreifen eines meiner Hauptkritiker waren mir Lehre genug. In diesem Falle alles eine Frage der Technik oder Ausstattung, nicht die des Auges.<\/p>\n<p>Abgesehen von meinen Fotos, ich will nicht wissen, was G\u00fcnter Grass zu meinen Texten sagen w\u00fcrde, k\u00f6nnte er sie noch lesen.<\/p>\n<p>Egal, es ist Zeit f\u00fcr ein Selfie! Denn sie haben wohl auch den Sinn, sich seiner selbst bewusst zu bleiben. Jeder Schwachsinn hat einen Sinn, so wie jeder \u00dcbermut mutig ist!<\/p>\n<p>Denen zahle ich es heim. Das sollen sie mir erstmal nachmachen. Alles eine Frage der Technik, der Ausstattung und einer \u00fcberlegten Vorgehensweise. Das ist wahre Fotografie.<\/p>\n<p>Hier also die Anleitung zu einem guten Selfie:<\/p>\n<p>Ich besorge mir eine sogenannte \u201eR\u00fcckfahrkamera\u201c. Die ist schon ab ca. 30.000 Euro zu bekommen, je nachdem, welches Auto an ihr verbaut ist.<\/p>\n<p>Die eigene Kamera platziere ich mittels eines Stativs im Innenraum der Luxuslimousine mit Fokus auf den 11 Zoll Monitor des Bordcomputers. Mittels Besenstange klemme ich das Kupplungspedal an den Fahrersitz, um den Leerlauf zu sichern. Ich vergewissere mich, dass die Handbremse fest angezogen ist (besonders wichtig bei absch\u00fcssigen Stra\u00dfen).<\/p>\n<p>Starte den Motor und lege den R\u00fcckw\u00e4rtsgang ein, um die R\u00fcckfahrkamera zu aktivieren.<\/p>\n<p>Ich bet\u00e4tige den Selbstausl\u00f6ser meiner Sony und hechte mit einem gekonnten Sprung hinter den Wagen. Schaue etwa 10 Sekunden in die Kamera an der Heckklappe. Warnung an alle, die es mir nachtun wollen: auf keinen Fall l\u00e4nger als 10 Sekunden, immerhin l\u00e4uft der Motor, die drohende Kohlenmonoxyd-Vergiftung kann das Bild echt versauen!<\/p>\n<p>Dann betrachte ich das Bild.<\/p>\n<p>Sowie das gesamte Umfeld.<\/p>\n<p>Fertig.<\/p>\n<p>Selfies sind cool&#8230;<\/p>\n<p><img loading=\"lazy\" decoding=\"async\" class=\"alignnone size-medium wp-image-262\" src=\"https:\/\/ng-lightpoints.de\/wp-content\/uploads\/2018\/09\/IMG_0069-300x228.jpg\" alt=\"\" width=\"300\" height=\"228\" srcset=\"https:\/\/ng-lightpoints.de\/wp-content\/uploads\/2018\/09\/IMG_0069-300x228.jpg 300w, https:\/\/ng-lightpoints.de\/wp-content\/uploads\/2018\/09\/IMG_0069-768x585.jpg 768w, https:\/\/ng-lightpoints.de\/wp-content\/uploads\/2018\/09\/IMG_0069-1024x780.jpg 1024w, https:\/\/ng-lightpoints.de\/wp-content\/uploads\/2018\/09\/IMG_0069-600x457.jpg 600w, https:\/\/ng-lightpoints.de\/wp-content\/uploads\/2018\/09\/IMG_0069.jpg 1141w\" sizes=\"auto, (max-width: 300px) 100vw, 300px\" \/><\/p>\n","protected":false},"excerpt":{"rendered":"<p>Selfies! Zun\u00e4chst die offizielle Definition laut Wikipedia: \u201eEin Selfie ist eine Art Selbstportr\u00e4t, oft auf Armesl\u00e4nge aus der eigenen Hand aufgenommen. Selfies sind oft in sozialen Netzwerken wie Facebook, Snapchat oder Instagram zu finden und bilden eine oder mehrere Personen (Gruppenselfies) ab.\u201c Nur damit alle wissen, wovon ich rede. Der Autor dieses Open Brain-Lexikons scheint [&hellip;]<\/p>\n","protected":false},"author":1,"featured_media":2385,"parent":0,"menu_order":0,"comment_status":"closed","ping_status":"closed","template":"","meta":{"footnotes":""},"class_list":["post-51","page","type-page","status-publish","has-post-thumbnail","hentry"],"_links":{"self":[{"href":"https:\/\/ng-lightpoints.de\/index.php?rest_route=\/wp\/v2\/pages\/51","targetHints":{"allow":["GET"]}}],"collection":[{"href":"https:\/\/ng-lightpoints.de\/index.php?rest_route=\/wp\/v2\/pages"}],"about":[{"href":"https:\/\/ng-lightpoints.de\/index.php?rest_route=\/wp\/v2\/types\/page"}],"author":[{"embeddable":true,"href":"https:\/\/ng-lightpoints.de\/index.php?rest_route=\/wp\/v2\/users\/1"}],"replies":[{"embeddable":true,"href":"https:\/\/ng-lightpoints.de\/index.php?rest_route=%2Fwp%2Fv2%2Fcomments&post=51"}],"version-history":[{"count":5,"href":"https:\/\/ng-lightpoints.de\/index.php?rest_route=\/wp\/v2\/pages\/51\/revisions"}],"predecessor-version":[{"id":2090,"href":"https:\/\/ng-lightpoints.de\/index.php?rest_route=\/wp\/v2\/pages\/51\/revisions\/2090"}],"wp:featuredmedia":[{"embeddable":true,"href":"https:\/\/ng-lightpoints.de\/index.php?rest_route=\/wp\/v2\/media\/2385"}],"wp:attachment":[{"href":"https:\/\/ng-lightpoints.de\/index.php?rest_route=%2Fwp%2Fv2%2Fmedia&parent=51"}],"curies":[{"name":"wp","href":"https:\/\/api.w.org\/{rel}","templated":true}]}}